{"id":1567,"date":"2025-05-27T20:20:46","date_gmt":"2025-05-27T18:20:46","guid":{"rendered":"https:\/\/ladameducafe.ch\/?page_id=1567"},"modified":"2025-05-30T14:40:57","modified_gmt":"2025-05-30T12:40:57","slug":"faire-un-don","status":"publish","type":"page","link":"https:\/\/ladameducafe.ch\/de\/faire-un-don\/","title":{"rendered":"Faire un don"},"content":{"rendered":"\t\t<div data-elementor-type=\"wp-page\" data-elementor-id=\"1567\" class=\"elementor elementor-1567\" data-elementor-post-type=\"page\">\n\t\t\t\t<div class=\"elementor-element elementor-element-7560a02 e-flex e-con-boxed e-con e-parent\" data-id=\"7560a02\" data-element_type=\"container\" data-settings=\"{&quot;background_background&quot;:&quot;classic&quot;,&quot;jet_parallax_layout_list&quot;:[]}\">\n\t\t\t\t\t<div class=\"e-con-inner\">\n\t\t<div class=\"elementor-element elementor-element-dc1323d e-con-full e-flex e-con e-child\" data-id=\"dc1323d\" data-element_type=\"container\" data-settings=\"{&quot;background_background&quot;:&quot;classic&quot;,&quot;jet_parallax_layout_list&quot;:[]}\">\n\t\t\t\t<div class=\"elementor-element elementor-element-b62b0e3 elementor-widget elementor-widget-heading\" data-id=\"b62b0e3\" data-element_type=\"widget\" data-widget_type=\"heading.default\">\n\t\t\t\t<div class=\"elementor-widget-container\">\n\t\t\t\t\t<h1 class=\"elementor-heading-title elementor-size-default\">Faire un don<\/h1>\t\t\t\t<\/div>\n\t\t\t\t<\/div>\n\t\t\t\t<\/div>\n\t\t\t\t\t<\/div>\n\t\t\t\t<\/div>\n\t\t<div class=\"elementor-element elementor-element-9ea24fe e-flex e-con-boxed e-con e-parent\" data-id=\"9ea24fe\" data-element_type=\"container\" data-settings=\"{&quot;jet_parallax_layout_list&quot;:[]}\">\n\t\t\t\t\t<div class=\"e-con-inner\">\n\t\t<div class=\"elementor-element elementor-element-f6421a0 e-con-full e-flex e-con e-child\" data-id=\"f6421a0\" data-element_type=\"container\" data-settings=\"{&quot;jet_parallax_layout_list&quot;:[]}\">\n\t\t<div class=\"elementor-element elementor-element-af15738 e-con-full e-flex e-con e-child\" data-id=\"af15738\" data-element_type=\"container\" data-settings=\"{&quot;jet_parallax_layout_list&quot;:[]}\">\n\t\t\t\t<div class=\"elementor-element elementor-element-b91357c elementor-widget elementor-widget-heading\" data-id=\"b91357c\" data-element_type=\"widget\" data-widget_type=\"heading.default\">\n\t\t\t\t<div class=\"elementor-widget-container\">\n\t\t\t\t\t<h6 class=\"elementor-heading-title elementor-size-default\"><a href=\"https:\/\/www.youtube.com\/watch?v=lGFcz00O4D4\">Soutenez l\u2019Aventure de La Dame du Caf\u00e9<\/a><\/h6>\t\t\t\t<\/div>\n\t\t\t\t<\/div>\n\t\t\t\t<div class=\"elementor-element elementor-element-ea0bddf elementor-widget elementor-widget-heading\" data-id=\"ea0bddf\" data-element_type=\"widget\" data-widget_type=\"heading.default\">\n\t\t\t\t<div class=\"elementor-widget-container\">\n\t\t\t\t\t<h2 class=\"elementor-heading-title elementor-size-default\">Chaque tasse raconte une histoire\u2026\n<\/h2>\t\t\t\t<\/div>\n\t\t\t\t<\/div>\n\t\t\t\t<div class=\"elementor-element elementor-element-a8005bf elementor-widget elementor-widget-text-editor\" data-id=\"a8005bf\" data-element_type=\"widget\" data-widget_type=\"text-editor.default\">\n\t\t\t\t<div class=\"elementor-widget-container\">\n\t\t\t\t\t\t\t\t\t<p data-start=\"484\" data-end=\"546\">Aujourd\u2019hui, vous pouvez faire partie de cette belle aventure.<\/p><p data-start=\"548\" data-end=\"591\"><strong data-start=\"551\" data-end=\"589\">En faisant un don, vous soutenez :<\/strong><\/p><ul data-start=\"592\" data-end=\"877\"><li data-start=\"592\" data-end=\"641\"><p data-start=\"594\" data-end=\"641\">Une torr\u00e9faction artisanale locale et \u00e9thique<\/p><\/li><li data-start=\"642\" data-end=\"719\"><p data-start=\"644\" data-end=\"719\">Des caf\u00e9s soigneusement s\u00e9lectionn\u00e9s, en lien direct avec les producteurs<\/p><\/li><li data-start=\"720\" data-end=\"797\"><p data-start=\"722\" data-end=\"797\">La participation \u00e0 des \u00e9v\u00e9nements qui font rayonner le caf\u00e9 de sp\u00e9cialit\u00e9<\/p><\/li><li data-start=\"798\" data-end=\"877\"><p data-start=\"800\" data-end=\"877\">Le d\u00e9veloppement d\u2019outils\u00a0 pour partager cette passion avec vous<\/p><\/li><\/ul><p data-start=\"879\" data-end=\"998\"><strong data-start=\"882\" data-end=\"906\">Chaque geste compte.<\/strong><br data-start=\"906\" data-end=\"909\" \/>Votre soutien est un message fort : il nous permet d\u2019aller plus loin, tout en restant fid\u00e8les \u00e0 nos valeurs.<\/p>\t\t\t\t\t\t\t\t<\/div>\n\t\t\t\t<\/div>\n\t\t\t\t<\/div>\n\t\t<div class=\"elementor-element elementor-element-d39682b e-con-full e-flex e-con e-child\" data-id=\"d39682b\" data-element_type=\"container\" data-settings=\"{&quot;jet_parallax_layout_list&quot;:[]}\">\n\t\t\t\t<div class=\"elementor-element elementor-element-007e2de elementor-widget elementor-widget-video\" data-id=\"007e2de\" data-element_type=\"widget\" data-settings=\"{&quot;youtube_url&quot;:&quot;https:\\\/\\\/www.youtube.com\\\/watch?v=lGFcz00O4D4&quot;,&quot;video_type&quot;:&quot;youtube&quot;,&quot;controls&quot;:&quot;yes&quot;}\" data-widget_type=\"video.default\">\n\t\t\t\t<div class=\"elementor-widget-container\">\n\t\t\t\t\t\t\t<div class=\"elementor-wrapper elementor-open-inline\">\n\t\t\t<div class=\"elementor-video\"><\/div>\t\t<\/div>\n\t\t\t\t\t\t<\/div>\n\t\t\t\t<\/div>\n\t\t\t\t<\/div>\n\t\t\t\t<\/div>\n\t\t\t\t\t<\/div>\n\t\t\t\t<\/div>\n\t\t<div class=\"elementor-element elementor-element-fec7d6f e-flex e-con-boxed e-con e-parent\" data-id=\"fec7d6f\" data-element_type=\"container\" data-settings=\"{&quot;jet_parallax_layout_list&quot;:[]}\">\n\t\t\t\t\t<div class=\"e-con-inner\">\n\t\t<div class=\"elementor-element elementor-element-223c2c6 e-con-full e-flex e-con e-child\" data-id=\"223c2c6\" data-element_type=\"container\" data-settings=\"{&quot;jet_parallax_layout_list&quot;:[]}\">\n\t\t\t\t<div class=\"elementor-element elementor-element-8cf69f9 elementor-widget elementor-widget-image\" data-id=\"8cf69f9\" data-element_type=\"widget\" data-widget_type=\"image.default\">\n\t\t\t\t<div class=\"elementor-widget-container\">\n\t\t\t\t\t\t\t\t\t\t\t\t\t\t\t<img fetchpriority=\"high\" decoding=\"async\" width=\"683\" height=\"1024\" src=\"https:\/\/ladameducafe.ch\/wp-content\/uploads\/2024\/06\/DSC_1908-1-683x1024.jpg\" class=\"attachment-large size-large wp-image-499 wvs-archive-product-image\" alt=\"\" srcset=\"https:\/\/ladameducafe.ch\/wp-content\/uploads\/2024\/06\/DSC_1908-1-683x1024.jpg 683w, https:\/\/ladameducafe.ch\/wp-content\/uploads\/2024\/06\/DSC_1908-1-scaled-600x900.jpg 600w, https:\/\/ladameducafe.ch\/wp-content\/uploads\/2024\/06\/DSC_1908-1-200x300.jpg 200w, https:\/\/ladameducafe.ch\/wp-content\/uploads\/2024\/06\/DSC_1908-1-768x1152.jpg 768w, https:\/\/ladameducafe.ch\/wp-content\/uploads\/2024\/06\/DSC_1908-1-1024x1536.jpg 1024w, https:\/\/ladameducafe.ch\/wp-content\/uploads\/2024\/06\/DSC_1908-1-1365x2048.jpg 1365w, https:\/\/ladameducafe.ch\/wp-content\/uploads\/2024\/06\/DSC_1908-1-scaled.jpg 1707w\" sizes=\"(max-width: 683px) 100vw, 683px\" \/>\t\t\t\t\t\t\t\t\t\t\t\t\t\t\t<\/div>\n\t\t\t\t<\/div>\n\t\t\t\t<\/div>\n\t\t<div class=\"elementor-element elementor-element-28bbd86 e-con-full e-flex e-con e-child\" data-id=\"28bbd86\" data-element_type=\"container\" data-settings=\"{&quot;jet_parallax_layout_list&quot;:[]}\">\n\t\t\t\t<div class=\"elementor-element elementor-element-c5eb964 elementor-widget elementor-widget-heading\" data-id=\"c5eb964\" data-element_type=\"widget\" data-widget_type=\"heading.default\">\n\t\t\t\t<div class=\"elementor-widget-container\">\n\t\t\t\t\t<h3 class=\"elementor-heading-title elementor-size-default\">Faites un don<\/h3>\t\t\t\t<\/div>\n\t\t\t\t<\/div>\n\t\t\t\t<div class=\"elementor-element elementor-element-da94905 elementor-hidden-desktop elementor-hidden-tablet elementor-hidden-mobile elementor-widget elementor-widget-text-editor\" data-id=\"da94905\" data-element_type=\"widget\" data-widget_type=\"text-editor.default\">\n\t\t\t\t<div class=\"elementor-widget-container\">\n\t\t\t\t\t\t\t\t\t<p>Lorem ipsum dolor sit amet, consectetur adipiscing elit. Ut elit tellus, luctus nec ullamcorper mattis, pulvinar dapibus leo.<\/p>\t\t\t\t\t\t\t\t<\/div>\n\t\t\t\t<\/div>\n\t\t\t\t<div class=\"elementor-element elementor-element-54e51c2 elementor-widget elementor-widget-jet-form-builder-form\" data-id=\"54e51c2\" data-element_type=\"widget\" data-widget_type=\"jet-form-builder-form.default\">\n\t\t\t\t<div class=\"elementor-widget-container\">\n\t\t\t\t\t<link rel='stylesheet' id='wp-block-library-css' href='https:\/\/ladameducafe.ch\/wp-includes\/css\/dist\/block-library\/style.min.css?ver=6.9.4' media='all' \/>\n<link rel=\"preconnect\" href=\"https:\/\/fonts.gstatic.com\"><style id=\"jet-form-builder-1559-inline-css\">.jet-sm-gb-ff5e4c35-2e9a-4d03-bb7e-3fb95ddda4a2 .jet-form-builder__action-button:hover:not(:disabled){background-color: ;} .jet-sm-gb-e522afe4-b594-4d84-bbdd-206c7630ba2f .jet-form-builder__desc{background-color: ;} .jet-sm-gb-d372f47f-d28e-4685-96a2-1f200a051d7d .jet-form-builder__desc.jet-form-builder__desc.jet-form-builder__desc{background-color: ;} .jet-sm-gb-650ad8db-c29b-41de-81ba-d6aea7b598a8 .jet-form-builder__desc.jet-form-builder__desc.jet-form-builder__desc{background-color: ;} .jet-sm-gb-554a47a8-f459-428f-9dcf-684e53c4a6f7 .jet-form-builder__desc{background-color: ;} .jet-sm-gb-5ab6b1a6-51c8-4533-8925-59619339ec3c .jet-form-builder__heading-desc.jet-form-builder__heading-desc{background-color: ;} .jet-sm-gb-2c5efcc0-77ab-4a5e-94b4-3ce0039782fc .jet-form-builder__desc.jet-form-builder__desc.jet-form-builder__desc{background-color: ;} .jet-sm-gb-e8e14474-63a0-4803-81f5-9a7b22064331 .jet-form-builder__desc.jet-form-builder__desc.jet-form-builder__desc{background-color: ;} <\/style><form  class=\"jet-form-builder layout-column submit-type-reload\" action=\"https:\/\/ladameducafe.ch\/de\/wp-json\/wp\/v2\/pages\/1567\/?EgN85j=zMMrX6ymCP&amp;method=reload\" method=\"POST\" data-form-id=\"1559\" data-layout=\"column\" enctype=\"multipart\/form-data\" novalidate=\"null\" ssr_validation_method=\"rest\"><input type=\"hidden\" id=\"_wpnonce\" name=\"_wpnonce\" value=\"9bf00f6a9b\" \/><input type=\"hidden\" name=\"_wp_http_referer\" value=\"\/de\/wp-json\/wp\/v2\/pages\/1567\" \/>\r\n<input type=\"hidden\" name=\"_jfb_current_render_states[]\" value=\"DEFAULT.STATE\" data-jfb-sync \/><input type=\"hidden\" class=\"jet-form-builder__field hidden-field\" name=\"_jet_engine_booking_form_id\" data-field-name=\"_jet_engine_booking_form_id\" value=\"1559\">\n<input type=\"hidden\" class=\"jet-form-builder__field hidden-field\" name=\"_jet_engine_refer\" data-field-name=\"_jet_engine_refer\" value=\"https:\/\/ladameducafe.ch\/de\/wp-json\/wp\/v2\/pages\/1567\/\">\n<input type=\"hidden\" class=\"jet-form-builder__field hidden-field\" name=\"__queried_post_id\" data-field-name=\"__queried_post_id\" value=\"1567\">\n<input type=\"hidden\" data-update-field-name=\"_user_journey\" class=\"jet-form-builder__field hidden-field\" name=\"_user_journey\" data-field-name=\"_user_journey\">\n<div  data-update-field-name=\"montant\" class=\"jet-form-builder-row field-type-choices-field\" >\n<div class=\"jet-form-builder__label\">\r\n<div class=\"jet-form-builder__label-text\">Choisissez un montant<\/div><\/div><ul style=\"--jfb-choice-text:#000000;--jfb-choice-bg:#ffffff;--jfb-choice-border-top-width:1px;--jfb-choice-border-right-width:1px;--jfb-choice-border-bottom-width:1px;--jfb-choice-border-left-width:1px;--jfb-choice-border-radius-top-left:16px;--jfb-choice-border-radius-top-right:16px;--jfb-choice-border-radius-bottom-right:16px;--jfb-choice-border-radius-bottom-left:16px;--jfb-choice-hover-text:#ffffff;--jfb-choice-hover-bg:#9b51e0;--jfb-choice-checked-text:#ffffff;--jfb-choice-checked-bg:#9b51e0;\" class=\"jet-form-builder-choice wp-block-jet-forms-choices-field has-hover-color-text has-hover-color-background is-horizontal is-content-justification-left is-layout-flex wp-container-jet-forms-choices-field-is-layout-3de6b321 wp-block-jet-forms-choices-field-is-layout-flex\" data-jfb-sync=\"1\" role=\"radiogroup\">\n<li style=\"padding-top:10px;padding-right:10px;padding-bottom:10px;padding-left:10px;margin-top:4px;margin-right:4px;margin-bottom:4px;margin-left:4px;\" class=\"jet-form-builder-choice--item wp-block-jet-forms-choice has-background has-f-0-f-4-f-9-background-color wp-container-content-a5fc19f1 is-vertical is-content-justification-center is-layout-flex wp-container-jet-forms-choice-is-layout-4c4298ab wp-block-jet-forms-choice-is-layout-flex\" aria-checked=\"false\" role=\"radio\" tabindex=\"0\">\n\n<p>10 CHF<\/p>\n\n<input type=\"radio\" name=\"montant\" id=\"montant\" value=\"10\" data-calculate=\"10\" style=\"display:none;\" aria-label=\"advanced choice hidden input\"\/><\/li>\n\n<li style=\"padding-top:10px;padding-right:10px;padding-bottom:10px;padding-left:10px;margin-top:4px;margin-right:4px;margin-bottom:4px;margin-left:4px;\" class=\"jet-form-builder-choice--item wp-block-jet-forms-choice has-background has-f-0-f-4-f-9-background-color wp-container-content-a5fc19f1 is-horizontal is-content-justification-center is-layout-flex wp-container-jet-forms-choice-is-layout-027eb54d wp-block-jet-forms-choice-is-layout-flex\" aria-checked=\"false\" role=\"radio\" tabindex=\"0\">\n\n<p>20 CHF<\/p>\n\n<input type=\"radio\" name=\"montant\" id=\"montant_1\" value=\"20\" data-calculate=\"20\" style=\"display:none;\" aria-label=\"advanced choice hidden input\"\/><\/li>\n\n<li style=\"padding-top:10px;padding-right:10px;padding-bottom:10px;padding-left:10px;margin-top:4px;margin-right:4px;margin-bottom:4px;margin-left:4px;\" class=\"jet-form-builder-choice--item wp-block-jet-forms-choice has-background has-f-0-f-4-f-9-background-color wp-container-content-a5fc19f1 is-vertical is-content-justification-center is-layout-flex wp-container-jet-forms-choice-is-layout-4c4298ab wp-block-jet-forms-choice-is-layout-flex\" aria-checked=\"false\" role=\"radio\" tabindex=\"0\">\n\n<p>50 CHF<\/p>\n\n<input type=\"radio\" name=\"montant\" id=\"montant_2\" value=\"50\" data-calculate=\"50\" style=\"display:none;\" aria-label=\"advanced choice hidden input\"\/><\/li>\n\n<li style=\"padding-top:10px;padding-right:10px;padding-bottom:10px;padding-left:10px;margin-top:4px;margin-right:4px;margin-bottom:4px;margin-left:4px;\" class=\"jet-form-builder-choice--item wp-block-jet-forms-choice has-background has-f-0-f-4-f-9-background-color wp-container-content-a5fc19f1 is-vertical is-content-justification-center is-layout-flex wp-container-jet-forms-choice-is-layout-4c4298ab wp-block-jet-forms-choice-is-layout-flex\" aria-checked=\"false\" role=\"radio\" tabindex=\"0\">\n\n<p>100 CHF<\/p>\n\n<input type=\"radio\" name=\"montant\" id=\"montant_3\" value=\"100\" data-calculate=\"100\" style=\"display:none;\" aria-label=\"advanced choice hidden input\"\/><\/li>\n\n<li style=\"padding-top:10px;padding-right:10px;padding-bottom:10px;padding-left:10px;margin-top:4px;margin-right:4px;margin-bottom:4px;margin-left:4px;\" class=\"jet-form-builder-choice--item wp-block-jet-forms-choice has-background has-f-0-f-4-f-9-background-color wp-container-content-b42fa496 is-vertical is-content-justification-center is-layout-flex wp-container-jet-forms-choice-is-layout-4c4298ab wp-block-jet-forms-choice-is-layout-flex\" aria-checked=\"false\" role=\"radio\" tabindex=\"0\">\n\n<p>Autre montant<\/p>\n\n<input type=\"radio\" name=\"montant\" id=\"montant_4\" value=\"autre\" data-calculate=\"0\" style=\"display:none;\" aria-label=\"advanced choice hidden input\"\/><\/li>\n<\/ul>\n<\/div>\n\n<div class=\" jet-sm-gb-wrapper jet-sm-gb-e522afe4-b594-4d84-bbdd-206c7630ba2f\" data-block-id=\"jet-sm-gb-e522afe4-b594-4d84-bbdd-206c7630ba2f\" ><div class=\"jet-form-builder__conditional \" data-jfb-conditional=\"[{&quot;operator&quot;:&quot;equal&quot;,&quot;value&quot;:&quot;autre&quot;,&quot;field&quot;:&quot;montant&quot;,&quot;use_preset&quot;:false}]\" data-jfb-func=\"show\">\n\n<p><\/p>\n\n\n<div class=\" jet-sm-gb-wrapper jet-sm-gb-d372f47f-d28e-4685-96a2-1f200a051d7d\" data-block-id=\"jet-sm-gb-d372f47f-d28e-4685-96a2-1f200a051d7d\" ><div  data-update-field-name=\"montant_personaliser\" data-value=\"[{&quot;id&quot;:4913,&quot;conditions&quot;:[{&quot;__visible&quot;:true,&quot;field&quot;:&quot;montant&quot;,&quot;operator&quot;:&quot;equal&quot;,&quot;value&quot;:&quot;10&quot;}],&quot;to_set&quot;:&quot;10&quot;},{&quot;id&quot;:1746,&quot;conditions&quot;:[{&quot;__visible&quot;:true,&quot;field&quot;:&quot;montant&quot;,&quot;operator&quot;:&quot;equal&quot;,&quot;value&quot;:&quot;20&quot;}],&quot;to_set&quot;:&quot;20&quot;},{&quot;id&quot;:3793,&quot;conditions&quot;:[{&quot;__visible&quot;:true,&quot;field&quot;:&quot;montant&quot;,&quot;operator&quot;:&quot;equal&quot;,&quot;value&quot;:&quot;50&quot;}],&quot;to_set&quot;:&quot;50&quot;},{&quot;id&quot;:1356,&quot;conditions&quot;:[{&quot;__visible&quot;:true,&quot;field&quot;:&quot;montant&quot;,&quot;operator&quot;:&quot;equal&quot;,&quot;value&quot;:&quot;100&quot;}],&quot;to_set&quot;:&quot;100&quot;}]\" class=\"jet-form-builder-row field-type-number-field\" >\n<div class=\"jet-form-builder__label\">\r\n<label class=\"jet-form-builder__label-text\" for=\"montant_personaliser\">Montant personaliser<\/label><\/div><div class=\"jet-form-builder__field-wrap\">\n\t\t<input type=\"number\" class=\"jet-form-builder__field text-field\" placeholder=\"Entrez un montant\" min=\"10\" max=\"900000000000\" step=\"1\" name=\"montant_personaliser\" data-field-name=\"montant_personaliser\" id=\"montant_personaliser\" data-jfb-sync=\"null\">\n\t<\/div>\n<\/div><\/div>\n<\/div><\/div>\n\n<div class=\" jet-sm-gb-wrapper jet-sm-gb-650ad8db-c29b-41de-81ba-d6aea7b598a8\" data-block-id=\"jet-sm-gb-650ad8db-c29b-41de-81ba-d6aea7b598a8\" >\n<div  data-update-field-name=\"montant_don_custom\" class=\"jet-form-builder-row field-type-calculated-field\" >\n<div class=\"jet-form-builder__label\">\r\n<div class=\"jet-form-builder__label-text\">Vous allez faire un don de <\/div><\/div><div data-formula=\"%montant_personaliser%\" data-name=\"montant_don_custom\" data-precision=\"2\" data-sep-decimal=\".\" data-value-type=\"number\" data-date-format=\"YYYY-MM-DD\" class=\"jet-form-builder__calculated-field\">\n\t\t\t<input type=\"hidden\"\n\t\t\tname=\"montant_don_custom\"\n\t\t\tid=\"montant_don_custom\"\n\t\t\tvalue=\"\"\n\t\t\tclass=\"jet-form-builder__calculated-field-input jet-form-builder__field\"\n\t\t\tdata-field-name=\"montant_don_custom\"\n\t\t\tdata-jfb-sync\n\t\/>\n\t<div class=\"jet-form-builder__calculated-field-val\">0.00<\/div>\n\t\t\t<div class=\"jet-form-builder__calculated-field-suffix\">CHF<\/div>\n\t\t<\/div>\n<\/div>\n<\/div>\n\n<div class=\" jet-sm-gb-wrapper jet-sm-gb-5ab6b1a6-51c8-4533-8925-59619339ec3c\" data-block-id=\"jet-sm-gb-5ab6b1a6-51c8-4533-8925-59619339ec3c\" ><div  class=\"jet-form-builder-row field-type-heading-field\" >\n<div class=\"jet-form-builder__heading\">\r\n<label class=\"jet-form-builder__label-text\">Information personnel<\/label><\/div>\n<\/div><\/div>\n\n<div class=\" jet-sm-gb-wrapper jet-sm-gb-2c5efcc0-77ab-4a5e-94b4-3ce0039782fc\" data-block-id=\"jet-sm-gb-2c5efcc0-77ab-4a5e-94b4-3ce0039782fc\" ><div  data-update-field-name=\"nom_complet\" class=\"jet-form-builder-row field-type-text-field\" >\n<div class=\"jet-form-builder__field-wrap\">\n\t\t\t\t<input placeholder=\"Nom complet\" required=\"required\" name=\"nom_complet\" id=\"nom_complet\" type=\"text\" data-field-name=\"nom_complet\" class=\"jet-form-builder__field text-field\" data-jfb-sync=\"null\" autocomplete=\"off_m0Zq45tY\">\n\t\t\t\t\t<\/div>\n<\/div><\/div>\n\n<div class=\" jet-sm-gb-wrapper jet-sm-gb-e8e14474-63a0-4803-81f5-9a7b22064331\" data-block-id=\"jet-sm-gb-e8e14474-63a0-4803-81f5-9a7b22064331\" ><div  data-update-field-name=\"adresse_email\" class=\"jet-form-builder-row field-type-text-field\" >\n<div class=\"jet-form-builder__field-wrap\">\n\t\t\t\t<input placeholder=\"Adresse email\" required=\"required\" name=\"adresse_email\" id=\"adresse_email\" type=\"email\" data-field-name=\"adresse_email\" class=\"jet-form-builder__field text-field\" data-jfb-sync=\"null\" autocomplete=\"off_p9jUVXeu\">\n\t\t\t\t\t<\/div>\n<\/div><\/div>\n\n<div class=\" jet-sm-gb-wrapper jet-sm-gb-ff5e4c35-2e9a-4d03-bb7e-3fb95ddda4a2\" data-block-id=\"jet-sm-gb-ff5e4c35-2e9a-4d03-bb7e-3fb95ddda4a2\" ><input type=\"hidden\" class=\"captcha-token\" name=\"_captcha_token\" value=\"\"\/><div  class=\"jet-form-builder-row field-type-submit-field\" >\n\t<div data-type=\"submit\" class=\"jet-form-builder__action-button-wrapper jet-form-builder__submit-wrap\">\n\t<button class=\"jet-form-builder__action-button jet-form-builder__submit submit-type-reload\" type=\"submit\">Faire un don<\/button>\n\t<\/div>\n\t\n<\/div><\/div>\t<div class=\"jet-form-builder-messages-wrap\" data-form-id=\"1559\"><\/div>\n<\/form>\n\t\t\t\t<\/div>\n\t\t\t\t<\/div>\n\t\t\t\t<\/div>\n\t\t\t\t\t<\/div>\n\t\t\t\t<\/div>\n\t\t\t\t<\/div>\n\t\t","protected":false},"excerpt":{"rendered":"<p>Faire un don Soutenez l\u2019Aventure de La Dame du Caf\u00e9 Chaque tasse raconte une histoire\u2026 Aujourd\u2019hui, vous pouvez faire partie de cette belle aventure. En faisant un don, vous soutenez : Une torr\u00e9faction artisanale locale et \u00e9thique Des caf\u00e9s soigneusement s\u00e9lectionn\u00e9s, en lien direct avec les producteurs La participation \u00e0 des \u00e9v\u00e9nements qui font rayonner [&hellip;]<\/p>\n","protected":false},"author":1,"featured_media":0,"parent":0,"menu_order":0,"comment_status":"closed","ping_status":"closed","template":"","meta":{"_acf_changed":false,"_lmt_disableupdate":"","_lmt_disable":"","_jet_sm_ready_style":"","_jet_sm_style":"","_jet_sm_controls_values":"","_jet_sm_fonts_collection":"","_jet_sm_fonts_links":"","footnotes":""},"class_list":["post-1567","page","type-page","status-publish","hentry"],"acf":[],"_links":{"self":[{"href":"https:\/\/ladameducafe.ch\/de\/wp-json\/wp\/v2\/pages\/1567","targetHints":{"allow":["GET"]}}],"collection":[{"href":"https:\/\/ladameducafe.ch\/de\/wp-json\/wp\/v2\/pages"}],"about":[{"href":"https:\/\/ladameducafe.ch\/de\/wp-json\/wp\/v2\/types\/page"}],"author":[{"embeddable":true,"href":"https:\/\/ladameducafe.ch\/de\/wp-json\/wp\/v2\/users\/1"}],"replies":[{"embeddable":true,"href":"https:\/\/ladameducafe.ch\/de\/wp-json\/wp\/v2\/comments?post=1567"}],"version-history":[{"count":34,"href":"https:\/\/ladameducafe.ch\/de\/wp-json\/wp\/v2\/pages\/1567\/revisions"}],"predecessor-version":[{"id":1720,"href":"https:\/\/ladameducafe.ch\/de\/wp-json\/wp\/v2\/pages\/1567\/revisions\/1720"}],"wp:attachment":[{"href":"https:\/\/ladameducafe.ch\/de\/wp-json\/wp\/v2\/media?parent=1567"}],"curies":[{"name":"wp","href":"https:\/\/api.w.org\/{rel}","templated":true}]}}