{"id":341,"date":"2024-05-13T17:52:07","date_gmt":"2024-05-13T15:52:07","guid":{"rendered":"https:\/\/ladameducafe.ch\/?page_id=341"},"modified":"2025-11-18T08:58:14","modified_gmt":"2025-11-18T07:58:14","slug":"ou-nous-trouver","status":"publish","type":"page","link":"https:\/\/ladameducafe.ch\/en\/ou-nous-trouver\/","title":{"rendered":"Find Us"},"content":{"rendered":"<div data-elementor-type=\"wp-page\" data-elementor-id=\"341\" class=\"elementor elementor-341\" data-elementor-post-type=\"page\">\n\t\t\t\t<div class=\"elementor-element elementor-element-cdb442f e-flex e-con-boxed e-con e-parent\" data-id=\"cdb442f\" data-element_type=\"container\" data-settings=\"{&quot;background_background&quot;:&quot;classic&quot;,&quot;jet_parallax_layout_list&quot;:[]}\">\n\t\t\t\t\t<div class=\"e-con-inner\">\n\t\t<div class=\"elementor-element elementor-element-0601768 e-con-full e-flex e-con e-child\" data-id=\"0601768\" data-element_type=\"container\" data-settings=\"{&quot;background_background&quot;:&quot;classic&quot;,&quot;jet_parallax_layout_list&quot;:[]}\">\n\t\t\t\t<div class=\"elementor-element elementor-element-0d4fb62 elementor-widget elementor-widget-heading\" data-id=\"0d4fb62\" data-element_type=\"widget\" data-widget_type=\"heading.default\">\n\t\t\t\t<div class=\"elementor-widget-container\">\n\t\t\t\t\t<h1 class=\"elementor-heading-title elementor-size-default\">Where to find us?<\/h1>\t\t\t\t<\/div>\n\t\t\t\t<\/div>\n\t\t\t\t<div class=\"elementor-element elementor-element-1922267 elementor-widget elementor-widget-heading\" data-id=\"1922267\" data-element_type=\"widget\" data-widget_type=\"heading.default\">\n\t\t\t\t<div class=\"elementor-widget-container\">\n\t\t\t\t\t<p class=\"elementor-heading-title elementor-size-default\">On Saturdays and Sundays, hop aboard Totum caf\u00e9\u00ae, the mobile caf\u00e9, at Chalet-\u00e0-Gobet, in front of the sports center of the Mauvernay plain in Lausanne, to enjoy selections of specialty coffees carefully selected and roasted by La Dame du Caf\u00e9, accompanied by refreshing beverages and delicious snacks to share.<\/p>\t\t\t\t<\/div>\n\t\t\t\t<\/div>\n\t\t\t\t<\/div>\n\t\t\t\t\t<\/div>\n\t\t\t\t<\/div>\n\t\t<div class=\"elementor-element elementor-element-13f32d7 e-flex e-con-boxed e-con e-parent\" data-id=\"13f32d7\" data-element_type=\"container\" data-settings=\"{&quot;jet_parallax_layout_list&quot;:[]}\">\n\t\t\t\t\t<div class=\"e-con-inner\">\n\t\t\t\t<div class=\"elementor-element elementor-element-80fc07d elementor-widget elementor-widget-heading\" data-id=\"80fc07d\" data-element_type=\"widget\" data-widget_type=\"heading.default\">\n\t\t\t\t<div class=\"elementor-widget-container\">\n\t\t\t\t\t<h6 class=\"elementor-heading-title elementor-size-default\">Where? <\/h6>\t\t\t\t<\/div>\n\t\t\t\t<\/div>\n\t\t<div class=\"elementor-element elementor-element-02230bb e-flex e-con-boxed e-con e-child\" data-id=\"02230bb\" data-element_type=\"container\" data-settings=\"{&quot;jet_parallax_layout_list&quot;:[]}\">\n\t\t\t\t\t<div class=\"e-con-inner\">\n\t\t<div class=\"elementor-element elementor-element-6ad5f4a e-flex e-con-boxed e-con e-child\" data-id=\"6ad5f4a\" data-element_type=\"container\" data-settings=\"{&quot;jet_parallax_layout_list&quot;:[]}\">\n\t\t\t\t\t<div class=\"e-con-inner\">\n\t\t<div class=\"elementor-element elementor-element-0e4f7bb e-con-full e-flex e-con e-child\" data-id=\"0e4f7bb\" data-element_type=\"container\" data-settings=\"{&quot;jet_parallax_layout_list&quot;:[]}\">\n\t\t\t\t<div class=\"elementor-element elementor-element-b1dd8da elementor-widget elementor-widget-heading\" data-id=\"b1dd8da\" data-element_type=\"widget\" data-widget_type=\"heading.default\">\n\t\t\t\t<div class=\"elementor-widget-container\">\n\t\t\t\t\t<h5 class=\"elementor-heading-title elementor-size-default\">Every weekend, find the bike caf\u00e9 in Lausanne:<\/h5>\t\t\t\t<\/div>\n\t\t\t\t<\/div>\n\t\t\t\t<div class=\"elementor-element elementor-element-64796db elementor-widget elementor-widget-text-editor\" data-id=\"64796db\" data-element_type=\"widget\" data-widget_type=\"text-editor.default\">\n\t\t\t\t<div class=\"elementor-widget-container\">\n\t\t\t\t\t\t\t\t\t<p>Rte de Cojonnex 95, 1000 Lausanne (proche de l\u2019EHL) \u2013 Les samedis et dimanches de 10h \u00e0 15h par beau temps <strong>(V\u00e9lo caf\u00e9 ferm\u00e9 en ce moment r\u00e9ouverture Avril 2026)<\/strong>. Plus d\u2019informations sur Google et les r\u00e9seaux sociaux.<\/p>\t\t\t\t\t\t\t\t<\/div>\n\t\t\t\t<\/div>\n\t\t\t\t<div class=\"elementor-element elementor-element-ff5ba65 elementor-widget elementor-widget-google_maps\" data-id=\"ff5ba65\" data-element_type=\"widget\" data-widget_type=\"google_maps.default\">\n\t\t\t\t<div class=\"elementor-widget-container\">\n\t\t\t\t\t\t\t<div class=\"elementor-custom-embed\">\n\t\t\t<iframe loading=\"lazy\"\n\t\t\t\t\tsrc=\"https:\/\/maps.google.com\/maps?q=Rte%20de%20Cojonnex%2095%2C%201000%20Lausanne&#038;t=m&#038;z=15&#038;output=embed&#038;iwloc=near\"\n\t\t\t\t\ttitle=\"Rte de Cojonnex 95, 1000 Lausanne\"\n\t\t\t\t\taria-label=\"Rte de Cojonnex 95, 1000 Lausanne\"\n\t\t\t><\/iframe>\n\t\t<\/div>\n\t\t\t\t\t\t<\/div>\n\t\t\t\t<\/div>\n\t\t\t\t<div class=\"elementor-element elementor-element-152415a elementor-widget elementor-widget-text-editor\" data-id=\"152415a\" data-element_type=\"widget\" data-widget_type=\"text-editor.default\">\n\t\t\t\t<div class=\"elementor-widget-container\">\n\t\t\t\t\t\t\t\t\t<p>In the event of adverse weather conditions,<b> the bike caf\u00e9 will be closed<\/b>\u00a0for your safety and comfort. Thank you for your understanding.\u00a0<\/p>\t\t\t\t\t\t\t\t<\/div>\n\t\t\t\t<\/div>\n\t\t\t\t<\/div>\n\t\t<div class=\"elementor-element elementor-element-2936096 e-con-full e-flex e-con e-child\" data-id=\"2936096\" data-element_type=\"container\" data-settings=\"{&quot;jet_parallax_layout_list&quot;:[]}\">\n\t\t\t\t<div class=\"elementor-element elementor-element-3c3fa5d elementor-widget elementor-widget-heading\" data-id=\"3c3fa5d\" data-element_type=\"widget\" data-widget_type=\"heading.default\">\n\t\t\t\t<div class=\"elementor-widget-container\">\n\t\t\t\t\t<h5 class=\"elementor-heading-title elementor-size-default\">Cachin Butcher shop :<\/h5>\t\t\t\t<\/div>\n\t\t\t\t<\/div>\n\t\t\t\t<div class=\"elementor-element elementor-element-476af2a elementor-widget elementor-widget-text-editor\" data-id=\"476af2a\" data-element_type=\"widget\" data-widget_type=\"text-editor.default\">\n\t\t\t\t<div class=\"elementor-widget-container\">\n\t\t\t\t\t\t\t\t\t<p>Artisan butcher in Lausanne (Vers\u2011chez\u2011les\u2011Blanc, next to the primary school, near the local community center).\u00a0 \u00a0 \u00a0\u00a0<\/p>\t\t\t\t\t\t\t\t<\/div>\n\t\t\t\t<\/div>\n\t\t\t\t<div class=\"elementor-element elementor-element-996afa1 elementor-widget elementor-widget-google_maps\" data-id=\"996afa1\" data-element_type=\"widget\" data-widget_type=\"google_maps.default\">\n\t\t\t\t<div class=\"elementor-widget-container\">\n\t\t\t\t\t\t\t<div class=\"elementor-custom-embed\">\n\t\t\t<iframe loading=\"lazy\"\n\t\t\t\t\tsrc=\"https:\/\/maps.google.com\/maps?q=Route%20de%20Praz%20Gilliard%201%201000%20Lausanne&#038;t=m&#038;z=15&#038;output=embed&#038;iwloc=near\"\n\t\t\t\t\ttitle=\"Route de Praz Gilliard 1 1000 Lausanne\"\n\t\t\t\t\taria-label=\"Route de Praz Gilliard 1 1000 Lausanne\"\n\t\t\t><\/iframe>\n\t\t<\/div>\n\t\t\t\t\t\t<\/div>\n\t\t\t\t<\/div>\n\t\t\t\t<div class=\"elementor-element elementor-element-d62cfdf elementor-widget elementor-widget-text-editor\" data-id=\"d62cfdf\" data-element_type=\"widget\" data-widget_type=\"text-editor.default\">\n\t\t\t\t<div class=\"elementor-widget-container\">\n\t\t\t\t\t\t\t\t\t<p><strong>V\u00e9lo caf\u00e9 ferm\u00e9 en ce moment r\u00e9ouverture Avril 2026<\/strong><\/p>\t\t\t\t\t\t\t\t<\/div>\n\t\t\t\t<\/div>\n\t\t\t\t<div class=\"elementor-element elementor-element-2f2d45e elementor-hidden-desktop elementor-hidden-tablet elementor-hidden-mobile elementor-widget elementor-widget-text-editor\" data-id=\"2f2d45e\" data-element_type=\"widget\" data-widget_type=\"text-editor.default\">\n\t\t\t\t<div class=\"elementor-widget-container\">\n\t\t\t\t\t\t\t\t\t<ul><li>Monday: Closed<\/li><li>Tuesday to Wednesday: 8 a.m. to 12 p.m. \/ 2:30 p.m. to 6:30 p.m.<\/li><li>Thursday and Saturday: 8 a.m. to 12 p.m.<\/li><li>Friday: 8 a.m. to 12 p.m. \/ 2:30 p.m. to 6:30 p.m.<\/li><\/ul>\t\t\t\t\t\t\t\t<\/div>\n\t\t\t\t<\/div>\n\t\t\t\t<\/div>\n\t\t\t\t\t<\/div>\n\t\t\t\t<\/div>\n\t\t\t\t\t<\/div>\n\t\t\t\t<\/div>\n\t\t<div class=\"elementor-element elementor-element-e66ffe3 e-flex e-con-boxed e-con e-child\" data-id=\"e66ffe3\" data-element_type=\"container\" data-settings=\"{&quot;jet_parallax_layout_list&quot;:[]}\">\n\t\t\t\t\t<div class=\"e-con-inner\">\n\t\t<div class=\"elementor-element elementor-element-7b6cbe6 e-con-full e-flex e-con e-child\" data-id=\"7b6cbe6\" data-element_type=\"container\" data-settings=\"{&quot;jet_parallax_layout_list&quot;:[]}\">\n\t\t\t\t<div class=\"elementor-element elementor-element-a10938c elementor-widget elementor-widget-heading\" data-id=\"a10938c\" data-element_type=\"widget\" data-widget_type=\"heading.default\">\n\t\t\t\t<div class=\"elementor-widget-container\">\n\t\t\t\t\t<h5 class=\"elementor-heading-title elementor-size-default\">The coffee vending machine at Cachin Butcher shop\n<\/h5>\t\t\t\t<\/div>\n\t\t\t\t<\/div>\n\t\t\t\t<div class=\"elementor-element elementor-element-2d4ac58 elementor-widget elementor-widget-text-editor\" data-id=\"2d4ac58\" data-element_type=\"widget\" data-widget_type=\"text-editor.default\">\n\t\t\t\t<div class=\"elementor-widget-container\">\n\t\t\t\t\t\t\t\t\tRoute de la Claie\u2011aux\u2011Moines 5, 1073 Savigny\t\t\t\t\t\t\t\t<\/div>\n\t\t\t\t<\/div>\n\t\t\t\t<div class=\"elementor-element elementor-element-a8872e1 elementor-widget elementor-widget-google_maps\" data-id=\"a8872e1\" data-element_type=\"widget\" data-widget_type=\"google_maps.default\">\n\t\t\t\t<div class=\"elementor-widget-container\">\n\t\t\t\t\t\t\t<div class=\"elementor-custom-embed\">\n\t\t\t<iframe loading=\"lazy\"\n\t\t\t\t\tsrc=\"https:\/\/maps.google.com\/maps?q=Rte%20de%20Claie-aux-Moines%205%2C%201073%20Savigny%2C%20Suisse&#038;t=m&#038;z=15&#038;output=embed&#038;iwloc=near\"\n\t\t\t\t\ttitle=\"Rte de Claie-aux-Moines 5, 1073 Savigny, Suisse\"\n\t\t\t\t\taria-label=\"Rte de Claie-aux-Moines 5, 1073 Savigny, Suisse\"\n\t\t\t><\/iframe>\n\t\t<\/div>\n\t\t\t\t\t\t<\/div>\n\t\t\t\t<\/div>\n\t\t\t\t<\/div>\n\t\t<div class=\"elementor-element elementor-element-35db9c8 e-con-full e-flex e-con e-child\" data-id=\"35db9c8\" data-element_type=\"container\" data-settings=\"{&quot;jet_parallax_layout_list&quot;:[]}\">\n\t\t\t\t<\/div>\n\t\t\t\t\t<\/div>\n\t\t\t\t<\/div>\n\t\t\t\t\t<\/div>\n\t\t\t\t<\/div>\n\t\t\t\t<\/div>","protected":false},"excerpt":{"rendered":"<p>O\u00f9 nous trouver ? Les samedis et dimanches, montez \u00e0 bord de Totum caf\u00e9 \u00ae, le caf\u00e9 ambulant, au Chalet-\u00e0-Gobet, devant le centre sportif de la pleine de Mauvernay \u00e0 Lausanne pour d\u00e9guster des s\u00e9lections de caf\u00e9s de sp\u00e9cialit\u00e9, soigneusement choisies et torr\u00e9fi\u00e9es par la dame du caf\u00e9, accompagn\u00e9s de boissons rafra\u00eechissantes et de d\u00e9licieux [&hellip;]<\/p>\n","protected":false},"author":1,"featured_media":0,"parent":0,"menu_order":0,"comment_status":"closed","ping_status":"closed","template":"elementor_header_footer","meta":{"_acf_changed":false,"_lmt_disableupdate":"","_lmt_disable":"","_jet_sm_ready_style":"","_jet_sm_style":"","_jet_sm_controls_values":"","_jet_sm_fonts_collection":"","_jet_sm_fonts_links":"","footnotes":""},"class_list":["post-341","page","type-page","status-publish","hentry"],"acf":[],"_links":{"self":[{"href":"https:\/\/ladameducafe.ch\/en\/wp-json\/wp\/v2\/pages\/341","targetHints":{"allow":["GET"]}}],"collection":[{"href":"https:\/\/ladameducafe.ch\/en\/wp-json\/wp\/v2\/pages"}],"about":[{"href":"https:\/\/ladameducafe.ch\/en\/wp-json\/wp\/v2\/types\/page"}],"author":[{"embeddable":true,"href":"https:\/\/ladameducafe.ch\/en\/wp-json\/wp\/v2\/users\/1"}],"replies":[{"embeddable":true,"href":"https:\/\/ladameducafe.ch\/en\/wp-json\/wp\/v2\/comments?post=341"}],"version-history":[{"count":44,"href":"https:\/\/ladameducafe.ch\/en\/wp-json\/wp\/v2\/pages\/341\/revisions"}],"predecessor-version":[{"id":1953,"href":"https:\/\/ladameducafe.ch\/en\/wp-json\/wp\/v2\/pages\/341\/revisions\/1953"}],"wp:attachment":[{"href":"https:\/\/ladameducafe.ch\/en\/wp-json\/wp\/v2\/media?parent=341"}],"curies":[{"name":"wp","href":"https:\/\/api.w.org\/{rel}","templated":true}]}}