{"id":786,"date":"2025-04-21T17:25:30","date_gmt":"2025-04-21T15:25:30","guid":{"rendered":"https:\/\/ladameducafe.ch\/?page_id=786"},"modified":"2025-11-16T23:17:55","modified_gmt":"2025-11-16T22:17:55","slug":"velo-cafe","status":"publish","type":"page","link":"https:\/\/ladameducafe.ch\/en\/velo-cafe\/","title":{"rendered":"Bike-Caf\u00e9"},"content":{"rendered":"<div data-elementor-type=\"wp-page\" data-elementor-id=\"786\" class=\"elementor elementor-786\" data-elementor-post-type=\"page\">\n\t\t\t\t<div class=\"elementor-element elementor-element-17aa763 e-flex e-con-boxed e-con e-parent\" data-id=\"17aa763\" data-element_type=\"container\" data-settings=\"{&quot;jet_parallax_layout_list&quot;:[]}\">\n\t\t\t\t\t<div class=\"e-con-inner\">\n\t\t\t\t<div class=\"elementor-element elementor-element-90bf628 elementor-widget elementor-widget-heading\" data-id=\"90bf628\" data-element_type=\"widget\" data-widget_type=\"heading.default\">\n\t\t\t\t<div class=\"elementor-widget-container\">\n\t\t\t\t\t<h1 class=\"elementor-heading-title elementor-size-default\">Bike-Caf\u00e9<\/h1>\t\t\t\t<\/div>\n\t\t\t\t<\/div>\n\t\t<div class=\"elementor-element elementor-element-164fa52 e-flex e-con-boxed e-con e-child\" data-id=\"164fa52\" data-element_type=\"container\" data-settings=\"{&quot;jet_parallax_layout_list&quot;:[]}\">\n\t\t\t\t\t<div class=\"e-con-inner\">\n\t\t<div class=\"elementor-element elementor-element-24bb65e e-con-full e-flex e-con e-child\" data-id=\"24bb65e\" data-element_type=\"container\" data-settings=\"{&quot;jet_parallax_layout_list&quot;:[]}\">\n\t\t\t\t<div class=\"elementor-element elementor-element-14820f3 elementor-widget elementor-widget-image\" data-id=\"14820f3\" data-element_type=\"widget\" data-widget_type=\"image.default\">\n\t\t\t\t<div class=\"elementor-widget-container\">\n\t\t\t\t\t\t\t\t\t\t\t\t\t\t\t<img fetchpriority=\"high\" decoding=\"async\" width=\"800\" height=\"534\" src=\"https:\/\/ladameducafe.ch\/wp-content\/uploads\/2024\/06\/DSC_1891-1024x683.jpg\" class=\"attachment-large size-large wp-image-445 wvs-archive-product-image\" alt=\"\" srcset=\"https:\/\/ladameducafe.ch\/wp-content\/uploads\/2024\/06\/DSC_1891-1024x683.jpg 1024w, https:\/\/ladameducafe.ch\/wp-content\/uploads\/2024\/06\/DSC_1891-scaled-600x400.jpg 600w, https:\/\/ladameducafe.ch\/wp-content\/uploads\/2024\/06\/DSC_1891-300x200.jpg 300w, https:\/\/ladameducafe.ch\/wp-content\/uploads\/2024\/06\/DSC_1891-768x512.jpg 768w, https:\/\/ladameducafe.ch\/wp-content\/uploads\/2024\/06\/DSC_1891-1536x1024.jpg 1536w, https:\/\/ladameducafe.ch\/wp-content\/uploads\/2024\/06\/DSC_1891-2048x1365.jpg 2048w\" sizes=\"(max-width: 800px) 100vw, 800px\" \/>\t\t\t\t\t\t\t\t\t\t\t\t\t\t\t<\/div>\n\t\t\t\t<\/div>\n\t\t\t\t<\/div>\n\t\t<div class=\"elementor-element elementor-element-519fdb6 e-con-full lddc_standard_text_container e-flex e-con e-child\" data-id=\"519fdb6\" data-element_type=\"container\" data-settings=\"{&quot;jet_parallax_layout_list&quot;:[]}\">\n\t\t\t\t<div class=\"elementor-element elementor-element-194443a elementor-widget elementor-widget-heading\" data-id=\"194443a\" data-element_type=\"widget\" data-widget_type=\"heading.default\">\n\t\t\t\t<div class=\"elementor-widget-container\">\n\t\t\t\t\t<h5 class=\"elementor-heading-title elementor-size-default\">Discover the Bike\u2011Caf\u00e9, mobile bar<\/h5>\t\t\t\t<\/div>\n\t\t\t\t<\/div>\n\t\t\t\t<div class=\"elementor-element elementor-element-2d7d797 elementor-widget elementor-widget-text-editor\" data-id=\"2d7d797\" data-element_type=\"widget\" data-widget_type=\"text-editor.default\">\n\t\t\t\t<div class=\"elementor-widget-container\">\n\t\t\t\t\t\t\t\t\t<p>La Dame du Caf\u00e9 offers a unique, innovative, eco\u2011friendly concept: the <strong>Bike\u2011Caf\u00e9<\/strong> ! An electric bike outfitted to serve our finest coffees and specialties on the go. Catch us at the entrance of Parc du Jorat, <a href=\"\/en\/ou-nous-trouver\/\">Mauvernay plain<\/a> in Lausanne (Saturday and Sunday when weather permits), to refresh yourself during your walk!<\/p><p><span style=\"font-weight: 400;\">Mindful of varied preferences, we offer non\u2011dairy alternatives like OATLY oat drink ideal for vegans.  Every coffee break is a flavorful experience considerate of your dietary choices.<\/span><\/p>\t\t\t\t\t\t\t\t<\/div>\n\t\t\t\t<\/div>\n\t\t\t\t<\/div>\n\t\t\t\t\t<\/div>\n\t\t\t\t<\/div>\n\t\t\t\t\t<\/div>\n\t\t\t\t<\/div>\n\t\t<div class=\"elementor-element elementor-element-1705c70 e-flex e-con-boxed e-con e-parent\" data-id=\"1705c70\" data-element_type=\"container\" data-settings=\"{&quot;jet_parallax_layout_list&quot;:[]}\">\n\t\t\t\t\t<div class=\"e-con-inner\">\n\t\t<div class=\"elementor-element elementor-element-565b852 e-con-full e-flex e-con e-child\" data-id=\"565b852\" data-element_type=\"container\" data-settings=\"{&quot;background_background&quot;:&quot;classic&quot;,&quot;jet_parallax_layout_list&quot;:[]}\">\n\t\t\t\t<div class=\"elementor-element elementor-element-1b4e8d8 elementor-widget elementor-widget-heading\" data-id=\"1b4e8d8\" data-element_type=\"widget\" data-widget_type=\"heading.default\">\n\t\t\t\t<div class=\"elementor-widget-container\">\n\t\t\t\t\t<h1 class=\"elementor-heading-title elementor-size-default\">Menu<\/h1>\t\t\t\t<\/div>\n\t\t\t\t<\/div>\n\t\t\t\t<div class=\"elementor-element elementor-element-d53b566 elementor-widget elementor-widget-heading\" data-id=\"d53b566\" data-element_type=\"widget\" data-widget_type=\"heading.default\">\n\t\t\t\t<div class=\"elementor-widget-container\">\n\t\t\t\t\t<p class=\"elementor-heading-title elementor-size-default\">All our drinks are available iced.<\/p>\t\t\t\t<\/div>\n\t\t\t\t<\/div>\n\t\t<div class=\"elementor-element elementor-element-c703e12 e-grid e-con-full e-con e-child\" data-id=\"c703e12\" data-element_type=\"container\" data-settings=\"{&quot;jet_parallax_layout_list&quot;:[]}\">\n\t\t<div class=\"elementor-element elementor-element-4f14ddb e-con-full e-flex e-con e-child\" data-id=\"4f14ddb\" data-element_type=\"container\" data-settings=\"{&quot;jet_parallax_layout_list&quot;:[]}\">\n\t\t\t\t<div class=\"elementor-element elementor-element-d39ba92 elementor-widget elementor-widget-heading\" data-id=\"d39ba92\" data-element_type=\"widget\" data-widget_type=\"heading.default\">\n\t\t\t\t<div class=\"elementor-widget-container\">\n\t\t\t\t\t<h5 class=\"elementor-heading-title elementor-size-default\">SOFT<\/h5>\t\t\t\t<\/div>\n\t\t\t\t<\/div>\n\t\t\t\t<div class=\"elementor-element elementor-element-7d07671 elementor-widget elementor-widget-jet-price-list\" data-id=\"7d07671\" data-element_type=\"widget\" data-widget_type=\"jet-price-list.default\">\n\t\t\t\t<div class=\"elementor-widget-container\">\n\t\t\t\t\t<div class=\"elementor-jet-price-list jet-elements\">\n<ul class=\"jet-price-list\"><li class=\"price-list__item\"><div class=\"price-list__item-inner\"><div class=\"price-list__item-content\"><div class=\"price-list__item-title__wrapper\"><span class=\"price-list__item-title\">Ginger Mauvernay 3dl<\/span><div class=\"price-list__item-separator\"><\/div><div class=\"price-list__item-price\">CHF 4.00<\/div><\/div><\/div><\/div><\/li><li class=\"price-list__item\"><div class=\"price-list__item-inner\"><div class=\"price-list__item-content\"><div class=\"price-list__item-title__wrapper\"><span class=\"price-list__item-title\">Apple juice 3dl<\/span><div class=\"price-list__item-separator\"><\/div><div class=\"price-list__item-price\">CHF 3.80<\/div><\/div><\/div><\/div><\/li><li class=\"price-list__item\"><div class=\"price-list__item-inner\"><div class=\"price-list__item-content\"><div class=\"price-list__item-title__wrapper\"><span class=\"price-list__item-title\">Th\u00e9 froid fait maison 3dl<\/span><div class=\"price-list__item-separator\"><\/div><div class=\"price-list__item-price\">CHF 4.00<\/div><\/div><\/div><\/div><\/li><li class=\"price-list__item\"><div class=\"price-list__item-inner\"><div class=\"price-list__item-content\"><div class=\"price-list__item-title__wrapper\"><span class=\"price-list__item-title\">Tea &amp; herbal infusions 3dl<\/span><div class=\"price-list__item-separator\"><\/div><div class=\"price-list__item-price\">CHF 4.00<\/div><\/div><\/div><\/div><\/li><li class=\"price-list__item\"><div class=\"price-list__item-inner\"><div class=\"price-list__item-content\"><div class=\"price-list__item-title__wrapper\"><span class=\"price-list__item-title\">Sirop (du moment) 3dl<\/span><div class=\"price-list__item-separator\"><\/div><div class=\"price-list__item-price\">CHF 3.8<\/div><\/div><\/div><\/div><\/li><\/ul><\/div>\t\t\t\t<\/div>\n\t\t\t\t<\/div>\n\t\t\t\t<div class=\"elementor-element elementor-element-26a6140 elementor-widget elementor-widget-heading\" data-id=\"26a6140\" data-element_type=\"widget\" data-widget_type=\"heading.default\">\n\t\t\t\t<div class=\"elementor-widget-container\">\n\t\t\t\t\t<h5 class=\"elementor-heading-title elementor-size-default\">EXTRA<\/h5>\t\t\t\t<\/div>\n\t\t\t\t<\/div>\n\t\t\t\t<div class=\"elementor-element elementor-element-db068e2 elementor-widget elementor-widget-jet-price-list\" data-id=\"db068e2\" data-element_type=\"widget\" data-widget_type=\"jet-price-list.default\">\n\t\t\t\t<div class=\"elementor-widget-container\">\n\t\t\t\t\t<div class=\"elementor-jet-price-list jet-elements\">\n<ul class=\"jet-price-list\"><li class=\"price-list__item\"><div class=\"price-list__item-inner\"><div class=\"price-list__item-content\"><div class=\"price-list__item-title__wrapper\"><span class=\"price-list__item-title\">Dirty (an extra espresso shot)<\/span><div class=\"price-list__item-separator\"><\/div><div class=\"price-list__item-price\">CHF 2.00<\/div><\/div><\/div><\/div><\/li><li class=\"price-list__item\"><div class=\"price-list__item-inner\"><div class=\"price-list__item-content\"><div class=\"price-list__item-title__wrapper\"><span class=\"price-list__item-title\">Ginger shot 2cl<\/span><div class=\"price-list__item-separator\"><\/div><div class=\"price-list__item-price\">CHF 2.00<\/div><\/div><\/div><\/div><\/li><\/ul><\/div>\t\t\t\t<\/div>\n\t\t\t\t<\/div>\n\t\t\t\t<div class=\"elementor-element elementor-element-3860c54 elementor-widget elementor-widget-heading\" data-id=\"3860c54\" data-element_type=\"widget\" data-widget_type=\"heading.default\">\n\t\t\t\t<div class=\"elementor-widget-container\">\n\t\t\t\t\t<h5 class=\"elementor-heading-title elementor-size-default\">SNACK<\/h5>\t\t\t\t<\/div>\n\t\t\t\t<\/div>\n\t\t\t\t<div class=\"elementor-element elementor-element-8212292 elementor-widget elementor-widget-jet-price-list\" data-id=\"8212292\" data-element_type=\"widget\" data-widget_type=\"jet-price-list.default\">\n\t\t\t\t<div class=\"elementor-widget-container\">\n\t\t\t\t\t<div class=\"elementor-jet-price-list jet-elements\">\n<ul class=\"jet-price-list\"><li class=\"price-list__item\"><div class=\"price-list__item-inner\"><div class=\"price-list__item-content\"><div class=\"price-list__item-title__wrapper\"><span class=\"price-list__item-title\">Brownies<\/span><div class=\"price-list__item-separator\"><\/div><div class=\"price-list__item-price\">CHF 4.00<\/div><\/div><\/div><\/div><\/li><li class=\"price-list__item\"><div class=\"price-list__item-inner\"><div class=\"price-list__item-content\"><div class=\"price-list__item-title__wrapper\"><span class=\"price-list__item-title\">Paleta\u202floca (vegan ice\u2011cream)<\/span><div class=\"price-list__item-separator\"><\/div><div class=\"price-list__item-price\">CHF 4.00<\/div><\/div><\/div><\/div><\/li><li class=\"price-list__item\"><div class=\"price-list__item-inner\"><div class=\"price-list__item-content\"><div class=\"price-list__item-title__wrapper\"><span class=\"price-list__item-title\">P\u00e2t\u00e9s vaudois \u00e0 la viande<\/span><div class=\"price-list__item-separator\"><\/div><div class=\"price-list__item-price\">CHF 5.00<\/div><\/div><\/div><\/div><\/li><\/ul><\/div>\t\t\t\t<\/div>\n\t\t\t\t<\/div>\n\t\t\t\t<\/div>\n\t\t<div class=\"elementor-element elementor-element-59d46e6 e-con-full e-flex e-con e-child\" data-id=\"59d46e6\" data-element_type=\"container\" data-settings=\"{&quot;jet_parallax_layout_list&quot;:[]}\">\n\t\t\t\t<div class=\"elementor-element elementor-element-bcbd82c elementor-widget elementor-widget-heading\" data-id=\"bcbd82c\" data-element_type=\"widget\" data-widget_type=\"heading.default\">\n\t\t\t\t<div class=\"elementor-widget-container\">\n\t\t\t\t\t<h5 class=\"elementor-heading-title elementor-size-default\">COFFEE &amp; LATTE &amp; CHOCOLATE<\/h5>\t\t\t\t<\/div>\n\t\t\t\t<\/div>\n\t\t\t\t<div class=\"elementor-element elementor-element-62503b3 elementor-widget elementor-widget-jet-price-list\" data-id=\"62503b3\" data-element_type=\"widget\" data-widget_type=\"jet-price-list.default\">\n\t\t\t\t<div class=\"elementor-widget-container\">\n\t\t\t\t\t<div class=\"elementor-jet-price-list jet-elements\">\n<ul class=\"jet-price-list\"><li class=\"price-list__item\"><div class=\"price-list__item-inner\"><div class=\"price-list__item-content\"><div class=\"price-list__item-title__wrapper\"><span class=\"price-list__item-title\">Espresso<\/span><div class=\"price-list__item-separator\"><\/div><div class=\"price-list__item-price\">CHF 4.00<\/div><\/div><\/div><\/div><\/li><li class=\"price-list__item\"><div class=\"price-list__item-inner\"><div class=\"price-list__item-content\"><div class=\"price-list__item-title__wrapper\"><span class=\"price-list__item-title\">Caf\u00e9 &amp; Americano<\/span><div class=\"price-list__item-separator\"><\/div><div class=\"price-list__item-price\">CHF 4.50<\/div><\/div><\/div><\/div><\/li><li class=\"price-list__item\"><div class=\"price-list__item-inner\"><div class=\"price-list__item-content\"><div class=\"price-list__item-title__wrapper\"><span class=\"price-list__item-title\">Double espresso<\/span><div class=\"price-list__item-separator\"><\/div><div class=\"price-list__item-price\">CHF 4.50<\/div><\/div><\/div><\/div><\/li><li class=\"price-list__item\"><div class=\"price-list__item-inner\"><div class=\"price-list__item-content\"><div class=\"price-list__item-title__wrapper\"><span class=\"price-list__item-title\">Cappuccino<\/span><div class=\"price-list__item-separator\"><\/div><div class=\"price-list__item-price\">CHF 5.00<\/div><\/div><\/div><\/div><\/li><li class=\"price-list__item\"><div class=\"price-list__item-inner\"><div class=\"price-list__item-content\"><div class=\"price-list__item-title__wrapper\"><span class=\"price-list__item-title\">Flat white &amp; coffee shot over milk<\/span><div class=\"price-list__item-separator\"><\/div><div class=\"price-list__item-price\">CHF 5.50<\/div><\/div><\/div><\/div><\/li><li class=\"price-list__item\"><div class=\"price-list__item-inner\"><div class=\"price-list__item-content\"><div class=\"price-list__item-title__wrapper\"><span class=\"price-list__item-title\">Latte macchiato 3dl<\/span><div class=\"price-list__item-separator\"><\/div><div class=\"price-list__item-price\">CHF 5.80<\/div><\/div><\/div><\/div><\/li><li class=\"price-list__item\"><div class=\"price-list__item-inner\"><div class=\"price-list__item-content\"><div class=\"price-list__item-title__wrapper\"><span class=\"price-list__item-title\">Cha\u00ef latte 3dl<\/span><div class=\"price-list__item-separator\"><\/div><div class=\"price-list__item-price\">CHF 5.90<\/div><\/div><\/div><\/div><\/li><li class=\"price-list__item\"><div class=\"price-list__item-inner\"><div class=\"price-list__item-content\"><div class=\"price-list__item-title__wrapper\"><span class=\"price-list__item-title\">Matcha latte 3dl<\/span><div class=\"price-list__item-separator\"><\/div><div class=\"price-list__item-price\">CHF 6.00<\/div><\/div><\/div><\/div><\/li><li class=\"price-list__item\"><div class=\"price-list__item-inner\"><div class=\"price-list__item-content\"><div class=\"price-list__item-title__wrapper\"><span class=\"price-list__item-title\">Hot chocolate 3dl<\/span><div class=\"price-list__item-separator\"><\/div><div class=\"price-list__item-price\">CHF 4.00<\/div><\/div><\/div><\/div><\/li><li class=\"price-list__item\"><div class=\"price-list__item-inner\"><div class=\"price-list__item-content\"><div class=\"price-list__item-title__wrapper\"><span class=\"price-list__item-title\">Ovomaltine 3dl<\/span><div class=\"price-list__item-separator\"><\/div><div class=\"price-list__item-price\">CHF 4.00<\/div><\/div><\/div><\/div><\/li><\/ul><\/div>\t\t\t\t<\/div>\n\t\t\t\t<\/div>\n\t\t\t\t<div class=\"elementor-element elementor-element-a1fc406 elementor-widget elementor-widget-heading\" data-id=\"a1fc406\" data-element_type=\"widget\" data-widget_type=\"heading.default\">\n\t\t\t\t<div class=\"elementor-widget-container\">\n\t\t\t\t\t<h5 class=\"elementor-heading-title elementor-size-default\">FOR CHILDREN (&lt;12 years)<\/h5>\t\t\t\t<\/div>\n\t\t\t\t<\/div>\n\t\t\t\t<div class=\"elementor-element elementor-element-6e5c5ce elementor-widget elementor-widget-heading\" data-id=\"6e5c5ce\" data-element_type=\"widget\" data-widget_type=\"heading.default\">\n\t\t\t\t<div class=\"elementor-widget-container\">\n\t\t\t\t\t<p class=\"elementor-heading-title elementor-size-default\">Half price for a half portion<\/p>\t\t\t\t<\/div>\n\t\t\t\t<\/div>\n\t\t\t\t<div class=\"elementor-element elementor-element-0ccb67d elementor-widget elementor-widget-jet-price-list\" data-id=\"0ccb67d\" data-element_type=\"widget\" data-widget_type=\"jet-price-list.default\">\n\t\t\t\t<div class=\"elementor-widget-container\">\n\t\t\t\t\t<div class=\"elementor-jet-price-list jet-elements\">\n<ul class=\"jet-price-list\"><li class=\"price-list__item\"><div class=\"price-list__item-inner\"><div class=\"price-list__item-content\"><div class=\"price-list__item-title__wrapper\"><span class=\"price-list__item-title\">Sirop enfants 3dl<\/span><div class=\"price-list__item-separator\"><\/div><div class=\"price-list__item-price\">CHF 2.00<\/div><\/div><\/div><\/div><\/li><\/ul><\/div>\t\t\t\t<\/div>\n\t\t\t\t<\/div>\n\t\t\t\t<div class=\"elementor-element elementor-element-0a4f70b elementor-icon-list--layout-traditional elementor-list-item-link-full_width elementor-widget elementor-widget-icon-list\" data-id=\"0a4f70b\" data-element_type=\"widget\" data-widget_type=\"icon-list.default\">\n\t\t\t\t<div class=\"elementor-widget-container\">\n\t\t\t\t\t\t\t<ul class=\"elementor-icon-list-items\">\n\t\t\t\t\t\t\t<li class=\"elementor-icon-list-item\">\n\t\t\t\t\t\t\t\t\t\t\t<span class=\"elementor-icon-list-icon\">\n\t\t\t\t\t\t\t<svg aria-hidden=\"true\" class=\"e-font-icon-svg e-fas-exclamation-circle\" viewbox=\"0 0 512 512\" xmlns=\"http:\/\/www.w3.org\/2000\/svg\"><path d=\"M504 256c0 136.997-111.043 248-248 248S8 392.997 8 256C8 119.083 119.043 8 256 8s248 111.083 248 248zm-248 50c-25.405 0-46 20.595-46 46s20.595 46 46 46 46-20.595 46-46-20.595-46-46-46zm-43.673-165.346l7.418 136c.347 6.364 5.609 11.346 11.982 11.346h48.546c6.373 0 11.635-4.982 11.982-11.346l7.418-136c.375-6.874-5.098-12.654-11.982-12.654h-63.383c-6.884 0-12.356 5.78-11.981 12.654z\"><\/path><\/svg>\t\t\t\t\t\t<\/span>\n\t\t\t\t\t\t\t\t\t\t<span class=\"elementor-icon-list-text\">All milk\u2011based drinks can be substituted with non\u2011dairy alternatives for + CHF\u202f0.50.<\/span>\n\t\t\t\t\t\t\t\t\t<\/li>\n\t\t\t\t\t\t<\/ul>\n\t\t\t\t\t\t<\/div>\n\t\t\t\t<\/div>\n\t\t\t\t<\/div>\n\t\t\t\t<\/div>\n\t\t\t\t<\/div>\n\t\t\t\t\t<\/div>\n\t\t\t\t<\/div>\n\t\t\t\t<\/div>","protected":false},"excerpt":{"rendered":"<p>V\u00e9lo-caf\u00e9 D\u00e9couvrez le v\u00e9lo-caf\u00e9, bar mobile La Dame du Caf\u00e9 vous propose un concept unique, novateur, et eco-friendly : le v\u00e9lo-caf\u00e9 ! Un v\u00e9lo \u00e9lectrique am\u00e9nag\u00e9 pour vous proposer nos meilleurs caf\u00e9s et sp\u00e9cialit\u00e9s en toute mobilit\u00e9. Retrouvez-nous \u00e0 l&rsquo;entr\u00e9e du parc du Jorat, pleine de Mauvernay \u00e0 Lausanne (les samedis et dimanches en cas [&hellip;]<\/p>\n","protected":false},"author":3,"featured_media":0,"parent":0,"menu_order":0,"comment_status":"closed","ping_status":"closed","template":"","meta":{"_acf_changed":false,"_lmt_disableupdate":"no","_lmt_disable":"","_jet_sm_ready_style":"","_jet_sm_style":"","_jet_sm_controls_values":"","_jet_sm_fonts_collection":"","_jet_sm_fonts_links":"","footnotes":""},"class_list":["post-786","page","type-page","status-publish","hentry"],"acf":[],"_links":{"self":[{"href":"https:\/\/ladameducafe.ch\/en\/wp-json\/wp\/v2\/pages\/786","targetHints":{"allow":["GET"]}}],"collection":[{"href":"https:\/\/ladameducafe.ch\/en\/wp-json\/wp\/v2\/pages"}],"about":[{"href":"https:\/\/ladameducafe.ch\/en\/wp-json\/wp\/v2\/types\/page"}],"author":[{"embeddable":true,"href":"https:\/\/ladameducafe.ch\/en\/wp-json\/wp\/v2\/users\/3"}],"replies":[{"embeddable":true,"href":"https:\/\/ladameducafe.ch\/en\/wp-json\/wp\/v2\/comments?post=786"}],"version-history":[{"count":65,"href":"https:\/\/ladameducafe.ch\/en\/wp-json\/wp\/v2\/pages\/786\/revisions"}],"predecessor-version":[{"id":1756,"href":"https:\/\/ladameducafe.ch\/en\/wp-json\/wp\/v2\/pages\/786\/revisions\/1756"}],"wp:attachment":[{"href":"https:\/\/ladameducafe.ch\/en\/wp-json\/wp\/v2\/media?parent=786"}],"curies":[{"name":"wp","href":"https:\/\/api.w.org\/{rel}","templated":true}]}}