{"id":859,"date":"2025-04-22T15:52:50","date_gmt":"2025-04-22T13:52:50","guid":{"rendered":"https:\/\/ladameducafe.ch\/?page_id=859"},"modified":"2025-04-22T16:00:34","modified_gmt":"2025-04-22T14:00:34","slug":"politique-de-confidentialite","status":"publish","type":"page","link":"https:\/\/ladameducafe.ch\/en\/politique-de-confidentialite\/","title":{"rendered":"Privacy Policy"},"content":{"rendered":"\t\t<div data-elementor-type=\"wp-page\" data-elementor-id=\"859\" class=\"elementor elementor-859\" data-elementor-post-type=\"page\">\n\t\t\t\t<div class=\"elementor-element elementor-element-672034c e-flex e-con-boxed e-con e-parent\" data-id=\"672034c\" data-element_type=\"container\" data-settings=\"{&quot;jet_parallax_layout_list&quot;:[]}\">\n\t\t\t\t\t<div class=\"e-con-inner\">\n\t\t<div class=\"elementor-element elementor-element-b8bf625 e-con-full e-flex e-con e-child\" data-id=\"b8bf625\" data-element_type=\"container\" data-settings=\"{&quot;background_background&quot;:&quot;classic&quot;,&quot;jet_parallax_layout_list&quot;:[]}\">\n\t\t\t\t<div class=\"elementor-element elementor-element-55a3a9e elementor-widget elementor-widget-heading\" data-id=\"55a3a9e\" data-element_type=\"widget\" data-widget_type=\"heading.default\">\n\t\t\t\t<div class=\"elementor-widget-container\">\n\t\t\t\t\t<h1 class=\"elementor-heading-title elementor-size-default\">Politique de confidentialit\u00e9<\/h1>\t\t\t\t<\/div>\n\t\t\t\t<\/div>\n\t\t\t\t<\/div>\n\t\t<div class=\"elementor-element elementor-element-6150e69 e-con-full lddc_standard_text_container e-flex e-con e-child\" data-id=\"6150e69\" data-element_type=\"container\" data-settings=\"{&quot;jet_parallax_layout_list&quot;:[]}\">\n\t\t\t\t<div class=\"elementor-element elementor-element-a7e0f93 elementor-widget elementor-widget-text-editor\" data-id=\"a7e0f93\" data-element_type=\"widget\" data-widget_type=\"text-editor.default\">\n\t\t\t\t<div class=\"elementor-widget-container\">\n\t\t\t\t\t\t\t\t\t<h5><b>D\u00e9claration de confidentialit\u00e9 \u2013 La Dame du Caf\u00e9<\/b><\/h5><div>\u00a0<\/div><div>La Dame du Caf\u00e9 attache une grande importance \u00e0 la protection de vos donn\u00e9es personnelles. Cette politique de confidentialit\u00e9 vous informe de la mani\u00e8re dont vos donn\u00e9es sont collect\u00e9es, trait\u00e9es et utilis\u00e9es dans le cadre de notre site Internet.<\/div><div>Cette politique s\u2019applique exclusivement au site\u00a0<a id=\"m_333744761213959317OWA8e426518-4274-1ed5-a219-c2ef2a40c2cf\" href=\"http:\/\/www.ladameducafe.ch\/\" target=\"_blank\" rel=\"noopener\" data-saferedirecturl=\"https:\/\/www.google.com\/url?q=http:\/\/www.ladameducafe.ch&amp;source=gmail&amp;ust=1745315400598000&amp;usg=AOvVaw0NB9MxCFTKgdstid9cZhhL\">www.ladameducafe.ch<\/a>. Les sites vers lesquels nous redirigeons (liens externes) peuvent appliquer leur propre politique de confidentialit\u00e9.<\/div><div>\u00a0<\/div><h5>1. Collecte, enregistrement et utilisation des donn\u00e9es<\/h5><div>Lorsque vous visitez notre site, effectuez un achat, remplissez un formulaire, vous abonnez \u00e0 notre newsletter ou interagissez avec notre contenu (ex. concours, sondages), nous collectons certaines donn\u00e9es personnelles telles que :<\/div><ul><li><div>Nom, pr\u00e9nom<\/div><\/li><li><div>Adresse postale<\/div><\/li><li><div>Adresse e-mail<\/div><\/li><li><div>Num\u00e9ro de t\u00e9l\u00e9phone<\/div><\/li><li><div>Historique de commande<\/div><\/li><li><div>Adresse IP<\/div><\/li><\/ul><div>\u00a0<\/div><div>Ces donn\u00e9es sont utilis\u00e9es exclusivement pour vous fournir un service optimal, traiter vos commandes, vous informer, et am\u00e9liorer nos services.\u00a0<b>Aucune de ces donn\u00e9es n\u2019est vendue ni partag\u00e9e avec des tiers \u00e0 des fins commerciales.<\/b><\/div><div>\u00a0<\/div><div>\u00a0<\/div><h5>2. Cookies<\/h5><div>Notre site utilise des\u00a0<b>cookies<\/b>, de petits fichiers enregistr\u00e9s sur votre appareil, pour vous offrir une exp\u00e9rience fluide et personnalis\u00e9e. Nous utilisons :<\/div><ul><li><div><b>Cookies temporaires<\/b>\u00a0(de session) : pour assurer le bon fonctionnement du site durant votre visite.<\/div><\/li><li><div><b>Cookies permanents<\/b>\u00a0: pour retenir vos pr\u00e9f\u00e9rences lors de vos prochaines visites.<\/div><\/li><\/ul><div>\u00a0<\/div><div><b>Finalit\u00e9s des cookies<\/b>\u00a0:<\/div><ul><li><div>M\u00e9morisation du panier<\/div><\/li><li><div>Analyse statistique (trafic, pages visit\u00e9es)<\/div><\/li><li><div>Affichage de contenus personnalis\u00e9s<\/div><\/li><li><div>Publicit\u00e9 cibl\u00e9e<\/div><\/li><\/ul><div>\u00a0<\/div><div>Vous pouvez configurer votre navigateur pour\u00a0<b>refuser tout ou partie des cookies<\/b>. Cela peut toutefois limiter certaines fonctionnalit\u00e9s du site.<\/div><div>\u00a0<\/div><h5>3. Services tiers utilis\u00e9s<\/h5><div>\u00a0<\/div><div><b>Google Analytics<\/b><\/div><div>Pour analyser l\u2019utilisation de notre site. Les donn\u00e9es sont collect\u00e9es de mani\u00e8re anonymis\u00e9e.<br \/>\u00a0<a id=\"m_333744761213959317OWA7eaa0c13-b08c-f154-35fa-59fb089a7216\" href=\"https:\/\/support.google.com\/analytics\/answer\/6004245?hl=fr\" target=\"_blank\" rel=\"noopener\" data-saferedirecturl=\"https:\/\/www.google.com\/url?q=https:\/\/support.google.com\/analytics\/answer\/6004245?hl%3Dfr&amp;source=gmail&amp;ust=1745315400598000&amp;usg=AOvVaw34bWtUT2QfaSkEs30oO1Ew\">Politique Google Analytics<\/a><\/div><div>\u00a0<\/div><div><b>Google Ads \/ Facebook Ads<\/b><\/div><div>Pour vous proposer des publicit\u00e9s personnalis\u00e9es bas\u00e9es sur votre navigation.<br \/>\u00a0<a id=\"m_333744761213959317OWAe11f8f56-2458-425a-3eb0-f5c14163fa55\" href=\"https:\/\/www.google.fr\/intl\/fr\/policies\/privacy\/\" target=\"_blank\" rel=\"noopener\" data-saferedirecturl=\"https:\/\/www.google.com\/url?q=https:\/\/www.google.fr\/intl\/fr\/policies\/privacy\/&amp;source=gmail&amp;ust=1745315400598000&amp;usg=AOvVaw3074qU0nTtSY5uSSvkxAdq\">Politique Google<\/a><br \/><a id=\"m_333744761213959317OWAd2efb93d-c17a-f1ac-7407-635856ebdf0c\" href=\"https:\/\/www.facebook.com\/policy.php\" target=\"_blank\" rel=\"noopener\" data-saferedirecturl=\"https:\/\/www.google.com\/url?q=https:\/\/www.facebook.com\/policy.php&amp;source=gmail&amp;ust=1745315400598000&amp;usg=AOvVaw3joXh4OzdOenI52FAey2LJ\">Politique Facebook<\/a><\/div><div>\u00a0<\/div><div><b>Google reCAPTCHA<\/b><\/div><div><b>Information \u00e0 venir<\/b>\u00a0: Nous pr\u00e9voyons d\u2019int\u00e9grer prochainement un syst\u00e8me de protection contre les soumissions automatis\u00e9es (type reCAPTCHA). Plus d&rsquo;informations seront ajout\u00e9es \u00e0 ce sujet d\u00e8s sa mise en place.<\/div><div>\u00a0<\/div><h5>4. S\u00e9curit\u00e9 des donn\u00e9es<\/h5><div>Toutes les informations personnelles que vous nous transmettez sont\u00a0<b>crypt\u00e9es via le protocole SSL (https)<\/b>\u00a0lors de leur transmission.<\/div><ul><li><div>L\u2019acc\u00e8s aux donn\u00e9es est strictement limit\u00e9 \u00e0 des personnes autoris\u00e9es.<\/div><\/li><li><div>Nos outils et syst\u00e8mes sont prot\u00e9g\u00e9s contre l\u2019acc\u00e8s non autoris\u00e9, la perte et la modification.<\/div><\/li><\/ul><h5>\u00a0<\/h5><h5>5. Newsletter &amp; droit de retrait<\/h5><div>Vous pouvez vous inscrire \u00e0 notre\u00a0<b>newsletter<\/b>\u00a0via notre site ou en magasin. L\u2019inscription n\u00e9cessite votre\u00a0<b>consentement explicite<\/b>.<\/div><div>Vous pouvez vous\u00a0<b>d\u00e9sinscrire \u00e0 tout moment<\/b>\u00a0:<\/div><ul><li><div>En cliquant sur le lien de d\u00e9sabonnement pr\u00e9sent dans chaque email<\/div><\/li><li><div>Ou via ce\u00a0[lien vers notre formulaire de contact]<\/div><\/li><\/ul><div>\u00a0<\/div><h5>6. Vos droits<\/h5><div>Conform\u00e9ment \u00e0 la r\u00e9glementation suisse et europ\u00e9enne, vous disposez de droits concernant vos donn\u00e9es :<\/div><ul><li><div>Acc\u00e8s, rectification, suppression<\/div><\/li><li><div>Retrait de consentement<\/div><\/li><li><div>Opposition \u00e0 certains traitements<\/div><\/li><\/ul><div>\u00a0<\/div><div>Pour toute demande, veuillez passer par notre <a href=\"https:\/\/ladameducafe.ch\/contact\/\">formulaire de contact<\/a>.<\/div><div>\u00a0<\/div><h5>7. Modifications<\/h5><div>La pr\u00e9sente politique peut \u00eatre mise \u00e0 jour \u00e0 tout moment.<\/div><div><br \/><b>Derni\u00e8re mise \u00e0 jour : 20 avril 2025<\/b><\/div><p>\u00a0<\/p>\t\t\t\t\t\t\t\t<\/div>\n\t\t\t\t<\/div>\n\t\t\t\t<\/div>\n\t\t\t\t\t<\/div>\n\t\t\t\t<\/div>\n\t\t\t\t<\/div>\n\t\t","protected":false},"excerpt":{"rendered":"<p>Politique de confidentialit\u00e9 D\u00e9claration de confidentialit\u00e9 \u2013 La Dame du Caf\u00e9 \u00a0La Dame du Caf\u00e9 attache une grande importance \u00e0 la protection de vos donn\u00e9es personnelles. Cette politique de confidentialit\u00e9 vous informe de la mani\u00e8re dont vos donn\u00e9es sont collect\u00e9es, trait\u00e9es et utilis\u00e9es dans le cadre de notre site Internet.Cette politique s\u2019applique exclusivement au site\u00a0www.ladameducafe.ch. [&hellip;]<\/p>\n","protected":false},"author":3,"featured_media":0,"parent":0,"menu_order":0,"comment_status":"closed","ping_status":"closed","template":"","meta":{"_acf_changed":false,"_lmt_disableupdate":"no","_lmt_disable":"","_jet_sm_ready_style":"","_jet_sm_style":"","_jet_sm_controls_values":"","_jet_sm_fonts_collection":"","_jet_sm_fonts_links":"","footnotes":""},"class_list":["post-859","page","type-page","status-publish","hentry"],"acf":[],"_links":{"self":[{"href":"https:\/\/ladameducafe.ch\/en\/wp-json\/wp\/v2\/pages\/859","targetHints":{"allow":["GET"]}}],"collection":[{"href":"https:\/\/ladameducafe.ch\/en\/wp-json\/wp\/v2\/pages"}],"about":[{"href":"https:\/\/ladameducafe.ch\/en\/wp-json\/wp\/v2\/types\/page"}],"author":[{"embeddable":true,"href":"https:\/\/ladameducafe.ch\/en\/wp-json\/wp\/v2\/users\/3"}],"replies":[{"embeddable":true,"href":"https:\/\/ladameducafe.ch\/en\/wp-json\/wp\/v2\/comments?post=859"}],"version-history":[{"count":7,"href":"https:\/\/ladameducafe.ch\/en\/wp-json\/wp\/v2\/pages\/859\/revisions"}],"predecessor-version":[{"id":870,"href":"https:\/\/ladameducafe.ch\/en\/wp-json\/wp\/v2\/pages\/859\/revisions\/870"}],"wp:attachment":[{"href":"https:\/\/ladameducafe.ch\/en\/wp-json\/wp\/v2\/media?parent=859"}],"curies":[{"name":"wp","href":"https:\/\/api.w.org\/{rel}","templated":true}]}}